{"id":1443,"date":"2021-04-12T20:48:07","date_gmt":"2021-04-12T20:48:07","guid":{"rendered":"https:\/\/pecis.linelab.info\/?page_id=1443"},"modified":"2021-04-12T21:23:48","modified_gmt":"2021-04-12T21:23:48","slug":"condizioni-generali-di-vendita","status":"publish","type":"page","link":"https:\/\/pecis.linelab.info\/en\/condizioni-generali-di-vendita\/","title":{"rendered":"Condizioni di vendita"},"content":{"rendered":"<section class=\"l-section wpb_row height_medium\"><div class=\"l-section-h i-cf\"><div class=\"g-cols vc_row via_flex valign_top type_default stacking_default\"><div class=\"vc_col-sm-12 wpb_column vc_column_container\"><div class=\"vc_column-inner\"><div class=\"wpb_wrapper\"><div class=\"wpb_text_column us_custom_8d5aa4e2\"><div class=\"wpb_wrapper\"><h1>Condizioni Generali di Vendita<\/h1>\n<\/div><\/div><div class=\"wpb_text_column\"><div class=\"wpb_wrapper\"><p class=\"p1\">La\u00a0<b>vendita di vino<\/b> sul nostro sito web (&#8220;pecis.it&#8221;) sono regolate dalle presenti Condizioni Generali di Vendita.<br \/>\nTutti i prodotti acquistati su pecis.it sono venduti direttamente da Azienda Agricola Pecis (da qui in avanti denominata \u201cpecis.it\u201d), con sede legale in Italia, San Paolo d\u2019Argon (BG).<br \/>\nPer ulteriori informazioni non presenti in questa sezione, \u00e8 possibile richiederle direttamente a pecis.it scrivendoci una e-mail a <b>info@pecis.linelab.info<\/b>.<\/p>\n<h3 class=\"p1\"><b>1. Politica commerciale pecis.it<\/b><\/h3>\n<p class=\"p1\">1.1 Pecis.it offre\u00a0<b>la propria produzione di vino<\/b> sul proprio sito\u00a0pecis.it. La propria attivit\u00e0 di commercio elettronico si rivolge esclusivamente a propri utenti finali che siano &#8220;consumatori&#8221; esclusivamente maggiori di 18 (diciotto) anni e comunque secondo la legge vigente e le normative in materia di commercio elettronico.<\/p>\n<p class=\"p1\">1.2 Per &#8220;consumatore&#8221; pecis.it intende qualunque persona fisica che operi sul proprio sito pecis.it con finalit\u00e0 non riferibili alla propria attivit\u00e0 professionale, commerciale o imprenditoriale, eventualmente svolta. Nel caso Lei sia un soggetto diverso dal \u201cconsumatore\u201d e per qualunque dubbio, contatti il nostro Ufficio Commerciale al seguente indirizzo di posta elettronica:\u00a0info@pecis.linelab.info.<\/p>\n<p class=\"p1\">1.3 Nel rispetto delle leggi vigenti in materia di acquisto di vini e alcolici ed in considerazione della propria politica commerciale, pecis.it si riserva il diritto di non dare seguito ad ordini provenienti da soggetti diversi dal &#8220;consumatore&#8221; in conformit\u00e0 della propria politica commerciale ed in rispetto dei limiti di et\u00e0 fissati per legge sia per l\u2019acquisto che per la consegna di vino ed alcolici. Pecis.it non vende vino e alcolici a persone che siano sotto i 18 anni di et\u00e0. Attraverso l\u2019uso del ns. sito pecis.it, Lei garantisce di essere di et\u00e0 superiore ad anni 18 e che anche la persona che ricever\u00e0 la spedizione da parte di pecis.it sar\u00e0 di et\u00e0 superiore ad anni 18.<\/p>\n<p class=\"p1\">1.4 Le Condizioni Generali di Vendita pecis.it regolano esclusivamente l&#8217;offerta, la trasmissione, l&#8217;accettazione, la spedizione, le modalit\u00e0 di acquisto ed il diritto di recesso di ordini d&#8217;acquisto di prodotti sul sito pecis.it tra gli utenti di pecis.it\u00a0e l\u2019Azienda Agricola Pecis.<\/p>\n<p class=\"p1\">1.5 Le Condizioni Generali pecis.it non regolano invece la fornitura di servizi o la vendita di prodotti da parte di soggetti diversi da pecis.it, che siano presenti sul sito pecis.it tramite collegamenti ipertestuali, link o banner. Prima di acquistare prodotti e servizi da soggetti diversi da pecis.it, pecis.it si raccomanda di verificarne le condizioni di vendita, perch\u00e9 pecis.it non \u00e8 responsabile della fornitura di servizi da parte di soggetti terzi diversi da pecis.it o della conclusione di operazioni di commercio elettronico tra gli utenti di pecis.it e soggetti terzi. Per qualunque dubbio, La invitiamo a contattarci direttamente inviandoci una e-mail all\u2019indirizzo\u00a0<a href=\"mailto:info@pecis.linelab.info\"><span class=\"s1\"><b>info@pecis.linelab.info<\/b><\/span><\/a>.<\/p>\n<h3 class=\"p1\"><b>2. Il contratto di vendita pecis.it<\/b><\/h3>\n<p class=\"p1\">2.1 Per concludere il contratto di acquisto di uno o pi\u00f9 prodotti offerti su pecis.it, \u00e8 necessario compilare il modulo d&#8217;ordine in formato elettronico e trasmetterlo a pecis.it, seguendo le relative istruzioni. Nel modulo d&#8217;ordine \u00e8 contenuto un riepilogo delle principali condizioni commerciali, tra cui il prezzo, i mezzi di pagamento e le modalit\u00e0 di consegna, oltre ad informazioni sulle caratteristiche principali del prodotto ordinato ed un rinvio alle Condizioni Generali di Vendita.<\/p>\n<p class=\"p1\">2.2 Il contratto di vendita pecis.it \u00e8 da considerarsi concluso quando pecis.it riceve via web il Suo modulo d&#8217;ordine, ne verifica la correttezza dei dati e Le invia una ricevuta dell&#8217;ordine d&#8217;acquisto, contenente un riepilogo delle informazioni gi\u00e0 contenute nel modulo d&#8217;ordine.<\/p>\n<p class=\"p1\">2.3 Concluso il contratto, pecis.it prender\u00e0 in carico il Suo ordine d&#8217;acquisto.<\/p>\n<p class=\"p1\">2.4 Ad ogni acquisto di Selezioni pecis.it e di prodotti in genere offerti sul sito pecis.it, prima della trasmissione dell\u2019ordine di acquisto, pecis.it Le chieder\u00e0 di correggere eventuali errori di inserimento dati, di leggere attentamente le Condizioni Generali di Vendita incluso il diritto di recesso, di stamparne una copia e di memorizzarne o di riprodurne una copia per Suoi usi personali.<\/p>\n<p class=\"p1\">2.5 Il contratto con pecis.it \u00e8 in italiano ma su richiesta \u00e8 disponibile una traduzione in inglese.<\/p>\n<p class=\"p1\">2.6 pecis.it pu\u00f2 rifiutare o comunque non dare corso ad ordini d&#8217;acquisto che risultino incompleti o incorretti, ovvero in caso di indisponibilit\u00e0 dei prodotti o per ordini che non diano sufficienti garanzie di solvibilit\u00e0. In questi casi, pecis.it provveder\u00e0 ad informarLa per posta elettronica che il contratto non \u00e8 concluso e che pecis.it non ha dato seguito al Suo ordine d&#8217;acquisto specificandone i motivi ed eventualmente suggerendo una possibile soluzione.<\/p>\n<p class=\"p1\">2.7 Qualora qualche Selezione pecis.it o alcune delle bottiglie di vino o dei prodotti in genere presentati su pecis.it, non siano pi\u00f9 disponibili o in vendita al momento dell&#8217;invio del modulo d&#8217;ordine, sar\u00e0 cura di pecis.it comunicarLe prontamente ed in ogni caso entro trenta (30) giorni, a decorrere dal giorno successivo a quello della trasmissione dell\u2019ordine a pecis.it, l&#8217;eventuale indisponibilit\u00e0 della intera Selezione pecis.it di vino o delle singole bottiglie di vino incluse nella Selezione pecis.it o dei prodotti in genere ordinati. Nel caso in cui Lei abbia gi\u00e0 inoltrato il modulo d&#8217;ordine e pagato il prezzo, pecis.it provveder\u00e0 in prima battuta a suggerirLe una o pi\u00f9 possibili alternative, di valore commerciale pari o superiore all\u2019ordine, che La possano soddisfare, viceversa pecis.it provveder\u00e0 al rimborso di quanto gi\u00e0 da Lei anticipato.<\/p>\n<p class=\"p1\">2.8 Con la trasmissione via e-mail del modulo d&#8217;ordine, Lei dichiara di accettare incondizionatamente le Condizioni Generali di Vendita pecis.it e si impegna ad osservarle in tutti i rapporti con pecis.it. Nel caso in cui Lei non condividesse e non intendesse accettare anche solo parzialmente i termini riportati nelle Condizioni Generali di Vendita pecis.it, La invitiamo a non inoltrare il modulo d&#8217;ordine per l&#8217;acquisto delle Selezioni pecis.it e tutti i prodotti venduti su pecis.it.<\/p>\n<p class=\"p1\">2.9 Trasmettendo a pecis.it il modulo d&#8217;ordine, Lei conferma di conoscere ed accettare le Condizioni Generali di Vendita pecis.it e le ulteriori informazioni contenute nel sito pecis.it, inclusi eventuali richiami tramite link, la Privacy Policy e le Condizioni Generali d\u2019Uso.<\/p>\n<h3 class=\"p1\"><b>3. Garanzie ed indicazione dei prezzi dei vini e altri prodotti in vendita<\/b><\/h3>\n<p class=\"p1\">3.1 Tutti i prodotti offerti da pecis.it sul proprio sito\u00a0pecis.it\u00a0sono esclusivamente prodotti considerati di prima qualit\u00e0. I vini e sidro offerti sono tutti esclusivamente prodotti dall\u2019Azienda Agricola Pecis con attenzione e cura oltre che con rigoroso controllo qualitativo. Pecis.it non vende prodotti irregolari o di qualit\u00e0 inferiore rispetto a quanto dichiarato nelle schede tecniche presenti sul sito pecis.it.<\/p>\n<p class=\"p1\">3.2 Tutte le informazioni ed indicazioni contenute sulle etichette delle bottiglie di vino offerte da pecis.it sono per legge a cura e garantite dall\u2019Azienda Agricola Pecis. Per qualunque Suo dubbio o per qualunque Sua eventuale segnalazione, ci contatti direttamente via e-mail all\u2019indirizzo\u00a0info@pecis.linelab.info. Pecis.it avr\u00e0 cura di attivarsi richiedere qualunque ulteriore garanzia o informazione aggiuntiva richiesta e di segnalare eventuali irregolarit\u00e0 alle autorit\u00e0 di polizia competenti.<\/p>\n<p class=\"p1\">3.3 Le caratteristiche essenziali dei prodotti offerti da pecis.it sono presentate con apposite schede prodotto, visibili direttamente sul sito pecis.it. Le immagini ed i colori dei prodotti offerti in vendita su\u00a0pecis.it\u00a0potrebbero tuttavia non essere corrispondenti a quelli reali a causa del browser Internet e del monitor utilizzato.<\/p>\n<p class=\"p1\">3.4 <b>I prezzi dei prodotti offerti sono tutti IVA inclusi.<\/b>\u00a0Per maggiore trasparenza il costo del trasporto \u00e8 riportato separatamente nel modulo d\u2019ordine ed in fattura. I prezzi sono soggetti ad aggiornamenti, quindi La invitiamo sempre ad accertarsi del prezzo finale di vendita prima di inoltrare il relativo modulo d&#8217;ordine.<\/p>\n<p class=\"p1\">3.5 I prodotti pecis.it sono venduti solo in alcuni Paesi. Le chiediamo pertanto di controllare la lista dei Paesi in cui pecis.it opera al momento del Suo acquisto poich\u00e9 richieste di acquisto provenienti da Paesi non compresi fra quelli visualizzati non potranno essere accettate da pecis.it. Pecis.it si riserva di aggiornare periodicamente la lista dei Paesi, quindi Le suggeriamo di controllare periodicamente la disponibilit\u00e0 geografica sul ns. sito\u00a0pecis.it.<\/p>\n<p class=\"p1\">3.6 Nel caso di merce ritenuta difettosa, Le chiediamo innanzitutto di informarci via e-mail all\u2019indirizzo\u00a0info@pecis.linelab.info, in modo da poter immediatamente individuare l\u2019eventuale problema e trovare insieme a Lei una soluzione. La merce difettosa potr\u00e0 essere da Lei restituita a pecis.it nel suo imballo originale entro 10 giorni dalla consegna avvenuta, le spese di spedizione e di imballo per la restituzione della spedizione sono a Suo carico mentre la merce difettosa Le verr\u00e0 sostituita e rispedita a carico di pecis.it o rimborsata, se esaurita.<\/p>\n<p class=\"p1\">3.7 In caso Lei decidesse di avvalersi del Suo diritto di recesso, pecis.it ha la facolt\u00e0 di non accettare la restituzione dei prodotti che siano stati alterati nelle loro caratteristiche essenziali e qualitative o che siano stati danneggiati o parzialmente consumati.<\/p>\n<h3 class=\"p1\"><b>4. Pagamenti<\/b><\/h3>\n<p class=\"p1\">4.1 Le modalit\u00e0 di pagamento del prezzo del vino e delle Selezioni pecis.it di vino e di tutti i prodotti legati al mondo del vino in genere offerti sul nostro sito pecis.it sono indicate nel modulo d&#8217;ordine pecis.it.<br \/>\n4.2 Il prezzo per l&#8217;acquisto dei prodotti \u00e8 comprensivo delle spese di spedizione (visibili separatamente) e sar\u00e0 addebitato sul Suo conto corrente al momento della spedizione dei prodotti acquistati, come indicato nel modulo d&#8217;ordine. In alcuni periodi potranno essere attuate delle offerte speciali che prevedono il trasporto gratuito oltre un certo quantitativo ordinato o un certo importo. Le suggeriamo di controllare periodicamente la disponibilit\u00e0 di tali offerte sul ns. sito\u00a0pecis.it.<\/p>\n<p class=\"p1\">4.3 La modalit\u00e0 di pagamento preferita \u00e8 mediante Pay Pal, carta di credito, carta pre-pagata. Tutte le informazioni finanziarie necessarie per la transazione saranno trasmesse, tramite protocollo crittografato a\u00a0Pay Pal, che fornisce i relativi servizi di pagamento elettronico a distanza, senza che terzi possano avervi accesso. Tali informazioni non saranno mai utilizzate da pecis.it se non per completare le procedure inerenti al Suo acquisto e per emettere i relativi rimborsi a Suo favore in caso di eventuali restituzioni dei prodotti, a seguito di esercizio del Suo diritto di recesso, ovvero qualora si renda necessario prevenire o segnalare alle forze di polizia la commissione di frodi su pecis.it.<\/p>\n<h3 class=\"p1\"><b>5. Spedizione e consegna dei prodotti<\/b><\/h3>\n<p class=\"p1\">5.1 pecis.it consegna i propri prodotti esclusivamente a propri utenti finali che siano &#8220;consumatori&#8221; esclusivamente maggiori di 18 (diciotto) anni e comunque secondo la legge vigente e le normative vigenti.<\/p>\n<p class=\"p1\">5.2 pecis.it utilizza per le consegne imballaggi che garantiscono l\u2019integrit\u00e0 dei prodotti trasportati.\u00a0Pecis.it effettua la consegna dei prodotti ordinati all&#8217;indirizzo da Lei indicato nella procedura di acquisto del ns. sito\u00a0pecis.it, attraverso lo spedizioniere scelti tra i principali corrieri che lavorano sul territorio italiano e che si assume la piena responsabilit\u00e0 della consegna dalla presa in carico presso la nostra azienda, fino alla consegna all\u2019indirizzo da Lei indicato. Pecis.it non si assume alcuna responsabilit\u00e0 per eventuali danni o comportamenti dei corrieri.<\/p>\n<p class=\"p1\">5.3 Le consegne vengono effettuate solo nei Paesi indicati nel sito pecis.it. Periodicamente, pecis.it aggiorna la lista dei Paesi, quindi Le consigliamo di verificare la disponibilit\u00e0 della consegna prima di procedere nella compilazione del Suo ordine di acquisto.<\/p>\n<p class=\"p1\">5.4 Per l&#8217;esecuzione della consegna sono indispensabili i seguenti dati:<br \/>\n&#8211; Dati fatturazione, ossia nominativo di fatturazione, indirizzo fatturazione, indirizzo e-mail.<br \/>\n&#8211; Dati Consegna, ossia nominativo di consegna, indirizzo di consegna, un recapito telefonico, indirizzo e-mail.<\/p>\n<p class=\"p1\">5.5 Qualora Lei riceva dei pacchi da pecis.it visibilmente danneggiati dal corriere, rotti o macchiati dalla fuoriuscita di vino dalle eventuali bottiglie rotte, La preghiamo di respingere la spedizione al mittente e ci occuperemmo noi del rientro e ripristino della spedizione. Se la spedizione fosse di pi\u00f9 colli e non tutti fossero danneggiati, La preghiamo di respingere il pacco danneggiato al mittente firmando la bolla del corriere &#8220;Con Riserva&#8221;. Pecis.it provveder\u00e0 al rientro del pacco danneggiato ed alla sostituzione dello stesso. Qualora il prodotto da sostituire fosse esaurito, La contatteremo direttamente per una eventuale sostituzione o l\u2019accredito del valore residuo. Le eventuali spese di spedizione per il rientro al mittente del pacco danneggiato e riconsegna di quello nuovo sono a carico di pecis.it.<\/p>\n<p class=\"p1\">5.6 La consegna tipicamente avviene entro 7 giorni lavorativi, gli acquisti effettuati dopo\u00a0le ore 13.00 ora italiana verranno evasi il giorno seguente.<\/p>\n<p class=\"p1\">5.7 Per qualunque informazione o segnalazione relativa alla spedizione dei Suoi ordini, pu\u00f2 contattare direttamente il nostro Servizio Clienti via e-mail all\u2019indirizzo\u00a0info@pecis.linelab.info\u00a0.<\/p>\n<h3 class=\"p1\"><b>6. Assistenza clienti<\/b><\/h3>\n<p class=\"p1\">6.1 Per qualsiasi informazione sono attivi i nostri servizi di assistenza Clienti via e-mail all\u2019indirizzo<a href=\"mailto:info@Vinitaly%20Wine%20Club\"><span class=\"s1\">\u00a0info@pecis.linelab.info<\/span><\/a>\u00a0.<\/p>\n<h3 class=\"p1\"><b>7. Informativa sul diritto di recesso<\/b><\/h3>\n<p class=\"p1\">7.1 Secondo la disciplina del D.Lgs. 206\/05, Lei ha diritto di recedere dal contratto di acquisto dei prodotti, senza alcuna penalit\u00e0, entro 10 giorni lavorativi dal ricevimento della merce e previa comunicazione scritta da inoltrare a pecis.it, utilizzando la procedura di gestione del reso prevista da pecis.it. Non \u00e8 invece possibile cambiare la singola bottiglia di vino, la selezione o il prodotto scelto con un altro, senza costi aggiuntivi. Il nostro servizio di assistenza clienti \u00e8 sempre a Sua disposizione per cercare di risolvere qualunque Sua esigenza relativa al Suo ordine, quindi La preghiamo di mettersi in contatto diretto con pecis.it via e-mail all\u2019indirizzo\u00a0<a href=\"mailto:info@pecis.linelab.info\"><span class=\"s1\">info@pecis.linelab.info<\/span><\/a>.<\/p>\n<p class=\"p1\">7.2 Nella comunicazione Lei dovr\u00e0 indicare il prodotto o i prodotti per i quali intende esercitare il diritto di recesso, il numero d&#8217;ordine e la data dell\u2019ordine, il numero fattura, le proprie coordinate bancarie (codice IBAN). Effettuata la comunicazione, Le verr\u00e0 richiesto di attendere riscontro da parte del nostro Servizio Clienti che autorizzi il rientro. Lei potr\u00e0 quindi rispedire la merce oggetto di rientro consegnandola al corriere per la spedizione entro dieci (10) giorni lavorativi che decorrono da quando Lei ha ricevuto i prodotti, purch\u00e9 integri, nelle modalit\u00e0 e nei termini concordati, salvo Sua eventuale rinuncia alla restituzione di detti prodotti.<\/p>\n<p class=\"p1\">7.3 Le uniche spese che dovr\u00e0 sostenere sono quelle di restituzione dei prodotti acquistati, in conformit\u00e0 all&#8217;art. 5, comma 6, D.Lgs n. 185 del 22\/05\/1999.<\/p>\n<p class=\"p1\">7.4 Il Diritto di Recesso, oltre al rispetto dei termini e delle modalit\u00e0 descritte ai precedenti punti 7.1, 7.2, 7.3, si intende esercitato correttamente qualora siano interamente rispettate le seguenti Condizioni del diritto di recesso:<\/p>\n<p class=\"p1\">i prodotti acquistati dovranno essere sostanzialmente integri;<\/p>\n<p class=\"p1\">i prodotti devono essere restituiti nella loro confezione originale (nel caso delle Selezioni di Vino, \u00e8 necessario restituire tutte le bottiglie che la compongono);<\/p>\n<p class=\"p1\">i prodotti resi devono essere inviati a pecis.it in una sola spedizione. Pecis.it si riserva il diritto di non accettare bottiglie o prodotti di uno stesso ordine, resi e spediti in momenti diversi;<\/p>\n<p class=\"p1\">le spese di rientro della merce saranno a Suo carico, ivi compresa la responsabilit\u00e0 in caso di smarrimento o danneggiamento dei prodotti.<\/p>\n<p class=\"p1\">i prodotti arrivati in magazzino saranno esaminati per valutare eventuali danni o manomissioni (la sostanziale integrit\u00e0 del bene restituito \u00e8 condizione essenziale per l&#8217;esercizio del diritto di recesso) \u2013 Le raccomandiamo massima attenzione nella preparazione del pacco;<\/p>\n<p class=\"p1\">i prodotti non devono essere stati utilizzati o danneggiati;<\/p>\n<p class=\"p1\">Il diritto di recesso \u00e8 riservato solo alle persone fisiche, gi\u00e0 precedentemente definiti \u201cconsumatori\u201d nel paragrafo 1.2, rimangono quindi esclusi eventuali acquisti effettuati da rivenditori o da soggetti che a qualsiasi titolo acquistino per la rivendita;<\/p>\n<p class=\"p3\">Il modulo di reso deve essere correttamente compilato e trasmesso a pecis.it entro dieci (10) giorni lavorativi dal ricevimento dei prodotti.<\/p>\n<p class=\"p3\">7.5 Se il Diritto di Recesso \u00e8 esercitato seguendo le modalit\u00e0 ed i termini indicati in questo paragrafo 7, pecis.it provvede a rimborsare le eventuali somme gi\u00e0 incassate per prodotti acquistati direttamente dal sito pecis.it, che Le saranno rimborsate nel minore tempo possibile e, in ogni caso, entro trenta (30) giorni dalla data in cui il pecis.it \u00e8 venuto a conoscenza dell&#8217;esercizio del tuo diritto di recesso. La procedura di rimborso sar\u00e0 attivata una volta verificata la corretta esecuzione dei termini e delle condizioni sopra indicate, come indicato nel successivo paragrafo 8.<\/p>\n<p class=\"p3\">7.6 Se non fossero stati rispettati i termini e le modalit\u00e0 per l&#8217;esercizio del diritto di recesso, Lei non avr\u00e0 diritto al rimborso delle somme gi\u00e0 corrisposte al pecis.it o all\u2019emissione del credito richiesto. Sar\u00e0 sempre comunque possibile riottenere, a Sue spese, i prodotti nello stato in cui sono stati restituiti a pecis.it. In caso contrario, pecis.it potr\u00e0 trattenere i prodotti, oltre alle somme gi\u00e0 pagate per il loro acquisto.<\/p>\n<h3 class=\"p1\"><b>8. Tempi e modalit\u00e0 di rimborso<\/b><\/h3>\n<p class=\"p1\">8.1 Eseguita la restituzione dei prodotti, pecis.it provvede ai necessari accertamenti relativi alla conformit\u00e0 degli stessi, alle condizioni ed i termini indicati nel paragrafo 7. Nel caso in cui le verifiche si concludano positivamente, pecis.it provvede ad inviarLe, via posta elettronica, la relativa conferma dell&#8217;accettazione dei prodotti cos\u00ec restituiti.<\/p>\n<p class=\"p1\">8.2 Qualunque sia la modalit\u00e0 di pagamento utilizzata da Lei, il rimborso viene attivato da pecis.it nel minore tempo possibile e comunque entro trenta (30) giorni dalla data in cui pecis.it \u00e8 venuto a conoscenza dell&#8217;esercizio del Suo diritto di recesso, previa verifica della corretta esecuzione del diritto di recesso stesso ed accettazione dei prodotti restituiti.<\/p>\n<p class=\"p1\">8.3 Nel caso in cui non vi fosse corrispondenza tra il destinatario dei prodotti indicato nel modulo d&#8217;ordine e chi ha eseguito il pagamento delle somme dovute per il loro acquisto, il rimborso delle somme, in caso di esercizio del diritto di recesso, sar\u00e0 eseguito da pecis.it, in ogni caso, nei confronti di chi ha eseguito il pagamento.<\/p>\n<h3 class=\"p1\"><b>9. Privacy<\/b><\/h3>\n<p class=\"p1\">9.1 Tutte le informazioni relative al trattamento dei Suoi dati personali possono essere ottenute consultando la Privacy Policy pecis.it e La invitiamo a leggere anche le nostre Condizioni Generali d\u2019Uso pecis.it perch\u00e9 contengono importanti indicazioni sui sistemi di sicurezza adottati sul nostro sito pecis.it e su come trattiamo i dati personali dei nostri utenti.<br \/>\n9.2 Per ogni informazione sulla nostra Privacy Policy \u00e8 possibile inviare richieste al nostro indirizzo di posta elettronica:info@pecis.linelab.info\u00a0o all&#8217;indirizzo della sede legale di Azienda Agricola Pecis \u2013 San Paolo d\u2019Argon (BG), Italia.<\/p>\n<h3 class=\"p1\"><b>10. Legge applicabile e soluzione delle controversie<\/b><\/h3>\n<p class=\"p1\">10.1 Le Condizioni Generali di Vendita pecis.it sono regolate dalla legge italiana ed in particolare dal decreto legislativo 6 settembre 2005 n. 206, sul codice del consumo, con specifico riferimento alla normativa in materia di contratti a distanza e dal decreto legislativo 9 aprile 2003 n. 70 su alcuni aspetti concernenti il commercio elettronico.<\/p>\n<p class=\"p1\">10.2\u00a0La vendita di prodotti e\/o prestazioni di servizi avviene nel territorio dello Stato italiano ed \u00e8 sottoposta alle leggi vigenti nella Repubblica Italiana.\u00a0Foro competente per la risoluzione di qualunque controversia sar\u00e0 quello previsto dalla legislazione italiana vigente nel momento della conclusione del contratto.<\/p>\n<h3 class=\"p1\"><b>11. Aggiornamenti e Modifiche<\/b><\/h3>\n<p class=\"p1\">11.1 Le Condizioni Generali di Vendita pecis.it sono periodicamente modificate in base allo sviluppo del proprio business e del mercato, nonch\u00e9 in ottemperanza agli eventuali aggiornamenti e modifiche legislative. Ogni aggiornamento e modifica verr\u00e0 regolarmente pubblicata sul nostro sito pecis.it e saranno immediatamente efficaci dalla data stessa della pubblicazione su pecis.it.<\/p>\n<\/div><\/div><\/div><\/div><\/div><\/div><\/div><\/section><section class=\"l-section wpb_row height_medium\"><div class=\"l-section-h i-cf\"><div class=\"g-cols vc_row via_flex valign_top type_default stacking_default\"><div class=\"vc_col-sm-6 wpb_column vc_column_container\"><div class=\"vc_column-inner\"><div class=\"wpb_wrapper\"><\/div><\/div><\/div><div class=\"vc_col-sm-6 wpb_column vc_column_container\"><div class=\"vc_column-inner\"><div class=\"wpb_wrapper\"><\/div><\/div><\/div><\/div><\/div><\/section>","protected":false},"excerpt":{"rendered":"Condizioni Generali di Vendita La\u00a0vendita di vino sul nostro sito web (&#8220;pecis.it&#8221;) sono regolate dalle presenti Condizioni Generali di Vendita. Tutti i prodotti acquistati su pecis.it sono venduti direttamente da Azienda Agricola Pecis (da qui in avanti denominata \u201cpecis.it\u201d), con sede legale in Italia, San Paolo d\u2019Argon (BG). Per ulteriori informazioni non presenti in questa...","protected":false},"author":1,"featured_media":0,"parent":0,"menu_order":0,"comment_status":"closed","ping_status":"closed","template":"","meta":{"footnotes":""},"_links":{"self":[{"href":"https:\/\/pecis.linelab.info\/en\/wp-json\/wp\/v2\/pages\/1443"}],"collection":[{"href":"https:\/\/pecis.linelab.info\/en\/wp-json\/wp\/v2\/pages"}],"about":[{"href":"https:\/\/pecis.linelab.info\/en\/wp-json\/wp\/v2\/types\/page"}],"author":[{"embeddable":true,"href":"https:\/\/pecis.linelab.info\/en\/wp-json\/wp\/v2\/users\/1"}],"replies":[{"embeddable":true,"href":"https:\/\/pecis.linelab.info\/en\/wp-json\/wp\/v2\/comments?post=1443"}],"version-history":[{"count":4,"href":"https:\/\/pecis.linelab.info\/en\/wp-json\/wp\/v2\/pages\/1443\/revisions"}],"predecessor-version":[{"id":1447,"href":"https:\/\/pecis.linelab.info\/en\/wp-json\/wp\/v2\/pages\/1443\/revisions\/1447"}],"wp:attachment":[{"href":"https:\/\/pecis.linelab.info\/en\/wp-json\/wp\/v2\/media?parent=1443"}],"curies":[{"name":"wp","href":"https:\/\/api.w.org\/{rel}","templated":true}]}}